{"id":4598,"date":"2024-07-26T11:35:18","date_gmt":"2024-07-26T09:35:18","guid":{"rendered":"https:\/\/djeddah.diplomatie.gov.bf\/?page_id=4598"},"modified":"2024-09-03T18:26:34","modified_gmt":"2024-09-03T16:26:34","slug":"informations","status":"publish","type":"page","link":"https:\/\/djeddah.diplomatie.gov.bf\/index.php\/informations\/","title":{"rendered":"Informations"},"content":{"rendered":"\t\t<div data-elementor-type=\"wp-page\" data-elementor-id=\"4598\" class=\"elementor elementor-4598\" data-elementor-post-type=\"page\">\n\t\t\t\t<div data-particle_enable=\"false\" data-particle-mobile-disabled=\"false\" class=\"elementor-element elementor-element-cacbbbf e-flex e-con-boxed e-con e-parent\" data-id=\"cacbbbf\" data-element_type=\"container\" data-e-type=\"container\">\n\t\t\t\t\t<div class=\"e-con-inner\">\n\t\t\t\t<div class=\"elementor-element elementor-element-d02f4cb elementor-widget elementor-widget-text-editor\" data-id=\"d02f4cb\" data-element_type=\"widget\" data-e-type=\"widget\" data-widget_type=\"text-editor.default\">\n\t\t\t\t<div class=\"elementor-widget-container\">\n\t\t\t\t\t\t\t\t\t<p>La diaspora burkinab\u00e8 vivant dans la Circonscription consulaire de Djeddah est issue d\u2019une migration de longue date dans les ann\u00e9es 1970.<\/p><p>En effet, la plupart de nos compatriotes ont immigr\u00e9 dans le Royaume d\u2019Arabie Saoudite pour des raisons religieuses (hadj et Oumrah).<\/p><p>A cela, il faut ajouter la migration de travail et celle pour les \u00e9tudes. Ainsi, estim\u00e9s \u00e0 environ 3000 personnes, les Burkinab\u00e8 r\u00e9sidant dans la Circonscription consulaire, sont compos\u00e9s d\u2019\u00e9tudiants dans les universit\u00e9s islamiques, de travailleurs (ouvriers, chauffeurs, dames de m\u00e9nage\u2026) et de quelques fonctionnaires internationaux \u00e0 l\u2019Organisation de la Coop\u00e9ration Internationale (OCI) et \u00e0 la Banque Islamique pour le D\u00e9veloppement (BID).<\/p><p>Cette diaspora participe \u00e0 la promotion de la culture burkinab\u00e8 \u00e0 travers les diff\u00e9rentes foires et expositions dans le Royaume d\u2019Arabie Saoudite. En plus, elle participe au d\u00e9veloppement \u00e9conomique du Burkina Faso par les investissements et les transferts de fonds vers le pays.<\/p><p>La circonscription consulaire de Djeddah, conform\u00e9ment aux dispositions du Conseil Sup\u00e9rieur des Burkinab\u00e8 de l\u2019Ext\u00e9rieur (CSBE), dispose de deux (02) D\u00e9l\u00e9gu\u00e9s\u00a0; il s\u2019agit de\u00a0:<\/p><ul><li>Monsieur Moussa BANDE, D\u00e9l\u00e9gu\u00e9 au CSBE pour la zone de la Mecque\u00a0;<\/li><li>Monsieur Abdoumoayti WAnbani MOAHAMED, D\u00e9l\u00e9gu\u00e9 au CSBE pour la zone de Djeddah<\/li><\/ul>\t\t\t\t\t\t\t\t<\/div>\n\t\t\t\t<\/div>\n\t\t\t\t\t<\/div>\n\t\t\t\t<\/div>\n\t\t\t\t<\/div>\n\t\t","protected":false},"excerpt":{"rendered":"<p>La diaspora burkinab\u00e8 vivant dans la Circonscription consulaire de Djeddah est issue d\u2019une migration de longue date dans les ann\u00e9es 1970. En effet, la plupart de nos compatriotes ont immigr\u00e9 dans le Royaume d\u2019Arabie Saoudite pour des raisons religieuses (hadj et Oumrah). A cela, il faut ajouter la migration de travail et celle pour les [&hellip;]<\/p>\n","protected":false},"author":9,"featured_media":0,"parent":0,"menu_order":0,"comment_status":"closed","ping_status":"closed","template":"","meta":{"_acf_changed":false,"_monsterinsights_skip_tracking":false,"_monsterinsights_sitenote_active":false,"_monsterinsights_sitenote_note":"","_monsterinsights_sitenote_category":0,"footnotes":""},"class_list":["post-4598","page","type-page","status-publish","hentry"],"acf":[],"_links":{"self":[{"href":"https:\/\/djeddah.diplomatie.gov.bf\/index.php\/wp-json\/wp\/v2\/pages\/4598","targetHints":{"allow":["GET"]}}],"collection":[{"href":"https:\/\/djeddah.diplomatie.gov.bf\/index.php\/wp-json\/wp\/v2\/pages"}],"about":[{"href":"https:\/\/djeddah.diplomatie.gov.bf\/index.php\/wp-json\/wp\/v2\/types\/page"}],"author":[{"embeddable":true,"href":"https:\/\/djeddah.diplomatie.gov.bf\/index.php\/wp-json\/wp\/v2\/users\/9"}],"replies":[{"embeddable":true,"href":"https:\/\/djeddah.diplomatie.gov.bf\/index.php\/wp-json\/wp\/v2\/comments?post=4598"}],"version-history":[{"count":4,"href":"https:\/\/djeddah.diplomatie.gov.bf\/index.php\/wp-json\/wp\/v2\/pages\/4598\/revisions"}],"predecessor-version":[{"id":4731,"href":"https:\/\/djeddah.diplomatie.gov.bf\/index.php\/wp-json\/wp\/v2\/pages\/4598\/revisions\/4731"}],"wp:attachment":[{"href":"https:\/\/djeddah.diplomatie.gov.bf\/index.php\/wp-json\/wp\/v2\/media?parent=4598"}],"curies":[{"name":"wp","href":"https:\/\/api.w.org\/{rel}","templated":true}]}}