{"id":3980,"date":"2024-06-27T11:37:08","date_gmt":"2024-06-27T09:37:08","guid":{"rendered":"https:\/\/djeddah.diplomatie.gov.bf\/?page_id=3980"},"modified":"2026-01-20T11:12:07","modified_gmt":"2026-01-20T10:12:07","slug":"le-personnel","status":"publish","type":"page","link":"https:\/\/djeddah.diplomatie.gov.bf\/index.php\/le-personnel\/","title":{"rendered":"Le personnel"},"content":{"rendered":"\t\t<div data-elementor-type=\"wp-page\" data-elementor-id=\"3980\" class=\"elementor elementor-3980\" data-elementor-post-type=\"page\">\n\t\t\t\t<div data-particle_enable=\"false\" data-particle-mobile-disabled=\"false\" class=\"elementor-element elementor-element-4eb88673 e-flex e-con-boxed elementor-invisible e-con e-parent\" data-id=\"4eb88673\" data-element_type=\"container\" data-e-type=\"container\" data-settings=\"{&quot;background_background&quot;:&quot;classic&quot;,&quot;animation&quot;:&quot;slideInLeft&quot;}\">\n\t\t\t\t\t<div class=\"e-con-inner\">\n\t\t<div data-particle_enable=\"false\" data-particle-mobile-disabled=\"false\" class=\"elementor-element elementor-element-7884ee44 e-con-full e-flex elementor-invisible e-con e-child\" data-id=\"7884ee44\" data-element_type=\"container\" data-e-type=\"container\" data-settings=\"{&quot;animation&quot;:&quot;fadeInLeft&quot;}\">\n\t\t\t\t<div class=\"elementor-element elementor-element-493a66f elementor-widget elementor-widget-tg-team\" data-id=\"493a66f\" data-element_type=\"widget\" data-e-type=\"widget\" data-widget_type=\"tg-team.default\">\n\t\t\t\t<div class=\"elementor-widget-container\">\n\t\t\t\t\t\r\n\r\n\r\n        \r\n            <div class=\"row justify-content-center gutter-24\">\r\n                                    <div class=\"col-lg-3 col-md-6 col-sm-8\">\r\n                        <div class=\"team__item-two shine-animate-item\">\r\n                                                            <div class=\"team__thumb-two shine-animate\">\r\n                                    <img decoding=\"async\" src=\"https:\/\/djeddah.diplomatie.gov.bf\/wp-content\/uploads\/sites\/16\/2024\/09\/Photo-Consul-General-Saidou-OUEDRAOGO-1.jpg\" alt=\"\">\r\n                                <\/div>\r\n                                                        <div class=\"team__content-two\">\r\n                                <h4 class=\"title\"><a href=\"#\">Sa\u00efdou OUEDRAOGO<\/a><\/h4>\r\n                                                                    <span>Consul G\u00e9n\u00e9ral <\/span>\r\n                                                                                            <\/div>\r\n                        <\/div>\r\n                    <\/div>\r\n                                    <div class=\"col-lg-3 col-md-6 col-sm-8\">\r\n                        <div class=\"team__item-two shine-animate-item\">\r\n                                                            <div class=\"team__thumb-two shine-animate\">\r\n                                    <img decoding=\"async\" src=\"https:\/\/djeddah.diplomatie.gov.bf\/wp-content\/uploads\/sites\/16\/2025\/09\/OUATTARA-Drissa-Consul-Adjoint.jpg\" alt=\"\">\r\n                                <\/div>\r\n                                                        <div class=\"team__content-two\">\r\n                                <h4 class=\"title\"><a href=\"#\">Drissa OUATTARA<\/a><\/h4>\r\n                                                                    <span>Consul Adjoint <\/span>\r\n                                                                                            <\/div>\r\n                        <\/div>\r\n                    <\/div>\r\n                                    <div class=\"col-lg-3 col-md-6 col-sm-8\">\r\n                        <div class=\"team__item-two shine-animate-item\">\r\n                                                            <div class=\"team__thumb-two shine-animate\">\r\n                                    <img decoding=\"async\" src=\"https:\/\/djeddah.diplomatie.gov.bf\/wp-content\/uploads\/sites\/16\/2024\/09\/SAVADOGO-Boukary-Vice-Consul.jpg\" alt=\"\">\r\n                                <\/div>\r\n                                                        <div class=\"team__content-two\">\r\n                                <h4 class=\"title\"><a href=\"#\">Boukary SAVADOGO <\/a><\/h4>\r\n                                                                    <span>Vice Consul<\/span>\r\n                                                                                            <\/div>\r\n                        <\/div>\r\n                    <\/div>\r\n                                    <div class=\"col-lg-3 col-md-6 col-sm-8\">\r\n                        <div class=\"team__item-two shine-animate-item\">\r\n                                                            <div class=\"team__thumb-two shine-animate\">\r\n                                    <img decoding=\"async\" src=\"https:\/\/djeddah.diplomatie.gov.bf\/wp-content\/uploads\/sites\/16\/2024\/09\/DIABATE-Ali-Boureima-Percepteur.jpg\" alt=\"\">\r\n                                <\/div>\r\n                                                        <div class=\"team__content-two\">\r\n                                <h4 class=\"title\"><a href=\"#\">Ali Boureima DIABATE <\/a><\/h4>\r\n                                                                    <span>Percepteur <\/span>\r\n                                                                                            <\/div>\r\n                        <\/div>\r\n                    <\/div>\r\n                                    <div class=\"col-lg-3 col-md-6 col-sm-8\">\r\n                        <div class=\"team__item-two shine-animate-item\">\r\n                                                            <div class=\"team__thumb-two shine-animate\">\r\n                                    <img decoding=\"async\" src=\"https:\/\/djeddah.diplomatie.gov.bf\/wp-content\/uploads\/sites\/16\/2024\/09\/SAWADOGO-Harouna-Agent-consulaire.jpg\" alt=\"\">\r\n                                <\/div>\r\n                                                        <div class=\"team__content-two\">\r\n                                <h4 class=\"title\"><a href=\"#\">Harouna SAWADOGO<\/a><\/h4>\r\n                                                                    <span>Agent consulaire <\/span>\r\n                                                                                            <\/div>\r\n                        <\/div>\r\n                    <\/div>\r\n                                    <div class=\"col-lg-3 col-md-6 col-sm-8\">\r\n                        <div class=\"team__item-two shine-animate-item\">\r\n                                                            <div class=\"team__thumb-two shine-animate\">\r\n                                    <img decoding=\"async\" src=\"https:\/\/djeddah.diplomatie.gov.bf\/wp-content\/uploads\/sites\/16\/2024\/09\/Amina-Rachik-Ibrahim-RAJAB-secretaire-particuliere.jpg\" alt=\"\">\r\n                                <\/div>\r\n                                                        <div class=\"team__content-two\">\r\n                                <h4 class=\"title\"><a href=\"#\">Amina Rachik Ibrahim RAJAB<\/a><\/h4>\r\n                                                                    <span>Secr\u00e9taire Particuli\u00e8re <\/span>\r\n                                                                                            <\/div>\r\n                        <\/div>\r\n                    <\/div>\r\n                                    <div class=\"col-lg-3 col-md-6 col-sm-8\">\r\n                        <div class=\"team__item-two shine-animate-item\">\r\n                                                            <div class=\"team__thumb-two shine-animate\">\r\n                                    <img decoding=\"async\" src=\"https:\/\/djeddah.diplomatie.gov.bf\/wp-content\/uploads\/sites\/16\/2024\/09\/Sahidou-MAIGA-Agent-de-liaison-protocole.jpg\" alt=\"\">\r\n                                <\/div>\r\n                                                        <div class=\"team__content-two\">\r\n                                <h4 class=\"title\"><a href=\"#\">Sahidou MAIGA<\/a><\/h4>\r\n                                                                    <span>Agent de liaison\/protocole<\/span>\r\n                                                                                            <\/div>\r\n                        <\/div>\r\n                    <\/div>\r\n                                    <div class=\"col-lg-3 col-md-6 col-sm-8\">\r\n                        <div class=\"team__item-two shine-animate-item\">\r\n                                                            <div class=\"team__thumb-two shine-animate\">\r\n                                    <img decoding=\"async\" src=\"https:\/\/djeddah.diplomatie.gov.bf\/wp-content\/uploads\/sites\/16\/2024\/09\/DEMI-Ousseni-Chauffeur.jpg\" alt=\"\">\r\n                                <\/div>\r\n                                                        <div class=\"team__content-two\">\r\n                                <h4 class=\"title\"><a href=\"#\">Ousseni DEMI<\/a><\/h4>\r\n                                                                    <span>Chauffeur <\/span>\r\n                                                                                            <\/div>\r\n                        <\/div>\r\n                    <\/div>\r\n                                    <div class=\"col-lg-3 col-md-6 col-sm-8\">\r\n                        <div class=\"team__item-two shine-animate-item\">\r\n                                                            <div class=\"team__thumb-two shine-animate\">\r\n                                    <img decoding=\"async\" src=\"https:\/\/djeddah.diplomatie.gov.bf\/wp-content\/uploads\/sites\/16\/2024\/09\/DRABO-Seydou-Chauffeur.jpg\" alt=\"\">\r\n                                <\/div>\r\n                                                        <div class=\"team__content-two\">\r\n                                <h4 class=\"title\"><a href=\"#\">Seydou DRABO<\/a><\/h4>\r\n                                                                    <span>Chauffeur <\/span>\r\n                                                                                            <\/div>\r\n                        <\/div>\r\n                    <\/div>\r\n                                    <div class=\"col-lg-3 col-md-6 col-sm-8\">\r\n                        <div class=\"team__item-two shine-animate-item\">\r\n                                                            <div class=\"team__thumb-two shine-animate\">\r\n                                    <img decoding=\"async\" src=\"https:\/\/djeddah.diplomatie.gov.bf\/wp-content\/uploads\/sites\/16\/2024\/09\/SIGUIRE-Abdoulwassie-Abdallah-Chauffeur.jpg\" alt=\"\">\r\n                                <\/div>\r\n                                                        <div class=\"team__content-two\">\r\n                                <h4 class=\"title\"><a href=\"#\">Abdoulwassie Abdallah SIGUIRE<\/a><\/h4>\r\n                                                                    <span>Chauffeur <\/span>\r\n                                                                                            <\/div>\r\n                        <\/div>\r\n                    <\/div>\r\n                                    <div class=\"col-lg-3 col-md-6 col-sm-8\">\r\n                        <div class=\"team__item-two shine-animate-item\">\r\n                                                            <div class=\"team__thumb-two shine-animate\">\r\n                                    <img decoding=\"async\" src=\"https:\/\/djeddah.diplomatie.gov.bf\/wp-content\/uploads\/sites\/16\/2024\/09\/NIKIEMA-Abdoulaye-Gardien.jpg\" alt=\"\">\r\n                                <\/div>\r\n                                                        <div class=\"team__content-two\">\r\n                                <h4 class=\"title\"><a href=\"#\">Abdoulaye NIKIEMA<\/a><\/h4>\r\n                                                                    <span>Gardien\/technicien de surface<\/span>\r\n                                                                                            <\/div>\r\n                        <\/div>\r\n                    <\/div>\r\n                            <\/div>\r\n\r\n        \r\n\t\t\t\t<\/div>\n\t\t\t\t<\/div>\n\t\t\t\t<\/div>\n\t\t\t\t\t<\/div>\n\t\t\t\t<\/div>\n\t\t\t\t<\/div>\n\t\t","protected":false},"excerpt":{"rendered":"<p>Sa\u00efdou OUEDRAOGO Consul G\u00e9n\u00e9ral Drissa OUATTARA Consul Adjoint Boukary SAVADOGO Vice Consul Ali Boureima DIABATE Percepteur Harouna SAWADOGO Agent consulaire Amina Rachik Ibrahim RAJAB Secr\u00e9taire Particuli\u00e8re Sahidou MAIGA Agent de liaison\/protocole Ousseni DEMI Chauffeur Seydou DRABO Chauffeur Abdoulwassie Abdallah SIGUIRE Chauffeur Abdoulaye NIKIEMA Gardien\/technicien de surface<\/p>\n","protected":false},"author":4,"featured_media":0,"parent":0,"menu_order":0,"comment_status":"closed","ping_status":"closed","template":"","meta":{"_acf_changed":false,"_monsterinsights_skip_tracking":false,"_monsterinsights_sitenote_active":false,"_monsterinsights_sitenote_note":"","_monsterinsights_sitenote_category":0,"footnotes":""},"class_list":["post-3980","page","type-page","status-publish","hentry"],"acf":[],"_links":{"self":[{"href":"https:\/\/djeddah.diplomatie.gov.bf\/index.php\/wp-json\/wp\/v2\/pages\/3980","targetHints":{"allow":["GET"]}}],"collection":[{"href":"https:\/\/djeddah.diplomatie.gov.bf\/index.php\/wp-json\/wp\/v2\/pages"}],"about":[{"href":"https:\/\/djeddah.diplomatie.gov.bf\/index.php\/wp-json\/wp\/v2\/types\/page"}],"author":[{"embeddable":true,"href":"https:\/\/djeddah.diplomatie.gov.bf\/index.php\/wp-json\/wp\/v2\/users\/4"}],"replies":[{"embeddable":true,"href":"https:\/\/djeddah.diplomatie.gov.bf\/index.php\/wp-json\/wp\/v2\/comments?post=3980"}],"version-history":[{"count":71,"href":"https:\/\/djeddah.diplomatie.gov.bf\/index.php\/wp-json\/wp\/v2\/pages\/3980\/revisions"}],"predecessor-version":[{"id":5084,"href":"https:\/\/djeddah.diplomatie.gov.bf\/index.php\/wp-json\/wp\/v2\/pages\/3980\/revisions\/5084"}],"wp:attachment":[{"href":"https:\/\/djeddah.diplomatie.gov.bf\/index.php\/wp-json\/wp\/v2\/media?parent=3980"}],"curies":[{"name":"wp","href":"https:\/\/api.w.org\/{rel}","templated":true}]}}