{"id":3068,"date":"2024-06-25T17:38:18","date_gmt":"2024-06-25T15:38:18","guid":{"rendered":"https:\/\/djeddah.diplomatie.gov.bf\/?page_id=3068"},"modified":"2024-06-27T15:35:00","modified_gmt":"2024-06-27T13:35:00","slug":"actualites","status":"publish","type":"page","link":"https:\/\/djeddah.diplomatie.gov.bf\/index.php\/home-two\/actualites\/","title":{"rendered":"Actualit\u00e9s"},"content":{"rendered":"\t\t<div data-elementor-type=\"wp-page\" data-elementor-id=\"3068\" class=\"elementor elementor-3068\" data-elementor-post-type=\"page\">\n\t\t\t\t<div data-particle_enable=\"false\" data-particle-mobile-disabled=\"false\" class=\"elementor-element elementor-element-b1a7d58 e-flex e-con-boxed e-con e-parent\" data-id=\"b1a7d58\" data-element_type=\"container\" data-e-type=\"container\" data-settings=\"{&quot;shape_divider_top&quot;:&quot;mountains&quot;}\">\n\t\t\t\t\t<div class=\"e-con-inner\">\n\t\t\t\t<div class=\"elementor-shape elementor-shape-top\" aria-hidden=\"true\" data-negative=\"false\">\n\t\t\t<svg xmlns=\"http:\/\/www.w3.org\/2000\/svg\" viewBox=\"0 0 1000 100\" preserveAspectRatio=\"none\">\n\t<path class=\"elementor-shape-fill\" opacity=\"0.33\" d=\"M473,67.3c-203.9,88.3-263.1-34-320.3,0C66,119.1,0,59.7,0,59.7V0h1000v59.7 c0,0-62.1,26.1-94.9,29.3c-32.8,3.3-62.8-12.3-75.8-22.1C806,49.6,745.3,8.7,694.9,4.7S492.4,59,473,67.3z\"\/>\n\t<path class=\"elementor-shape-fill\" opacity=\"0.66\" d=\"M734,67.3c-45.5,0-77.2-23.2-129.1-39.1c-28.6-8.7-150.3-10.1-254,39.1 s-91.7-34.4-149.2,0C115.7,118.3,0,39.8,0,39.8V0h1000v36.5c0,0-28.2-18.5-92.1-18.5C810.2,18.1,775.7,67.3,734,67.3z\"\/>\n\t<path class=\"elementor-shape-fill\" d=\"M766.1,28.9c-200-57.5-266,65.5-395.1,19.5C242,1.8,242,5.4,184.8,20.6C128,35.8,132.3,44.9,89.9,52.5C28.6,63.7,0,0,0,0 h1000c0,0-9.9,40.9-83.6,48.1S829.6,47,766.1,28.9z\"\/>\n<\/svg>\t\t<\/div>\n\t\t\t\t<div class=\"elementor-element elementor-element-caf15a2 elementor-grid-eael-col-4 elementor-grid-tablet-eael-col-2 elementor-grid-mobile-eael-col-1 elementor-widget elementor-widget-eael-post-grid\" data-id=\"caf15a2\" data-element_type=\"widget\" data-e-type=\"widget\" data-settings=\"{&quot;eael_post_grid_columns&quot;:&quot;eael-col-4&quot;,&quot;eael_post_grid_columns_tablet&quot;:&quot;eael-col-2&quot;,&quot;eael_post_grid_columns_mobile&quot;:&quot;eael-col-1&quot;}\" data-widget_type=\"eael-post-grid.default\">\n\t\t\t\t<div class=\"elementor-widget-container\">\n\t\t\t\t\t<div id=\"eael-post-grid-caf15a2\" class=\"eael-post-grid-container\">\n            <div class=\"eael-post-grid eael-post-appender eael-post-appender-caf15a2 eael-post-grid-style-three\" data-layout-mode=\"masonry\"><article class=\"eael-grid-post  eael-post-grid-column eael-pg-post-5052 category-actualites\" data-id=\"5052\">\n        <div class=\"eael-grid-post-holder\">\n            <div class=\"eael-grid-post-holder-inner\"><div class=\"eael-entry-media\"><ul class=\"post-carousel-categories\"><li><a href=\"https:\/\/djeddah.diplomatie.gov.bf\/index.php\/category\/actualites\/\">Actualit\u00e9s<\/a><\/li><\/ul><div class=\"eael-entry-overlay fade-in\"><i class=\"fas fa-long-arrow-alt-right\" aria-hidden=\"true\"><\/i><a href=\"https:\/\/djeddah.diplomatie.gov.bf\/index.php\/consulat-general-du-burkina-faso-a-djeddah-suite-et-fin-de-la-deuxieme-edition-des-journees-nationales-dengagement-patriotique-et-participation-citoyenne-jneppc-a-medine\/\"><\/a><\/div><div class=\"eael-entry-thumbnail \">\n                 <img fetchpriority=\"high\" decoding=\"async\" width=\"300\" height=\"197\" src=\"https:\/\/djeddah.diplomatie.gov.bf\/wp-content\/uploads\/sites\/16\/2025\/04\/490297659_122108606096820167_7932800225533121233_n-300x197.jpg\" class=\"attachment-medium size-medium wp-image-5056\" alt=\"\" srcset=\"https:\/\/djeddah.diplomatie.gov.bf\/wp-content\/uploads\/sites\/16\/2025\/04\/490297659_122108606096820167_7932800225533121233_n-300x197.jpg 300w, https:\/\/djeddah.diplomatie.gov.bf\/wp-content\/uploads\/sites\/16\/2025\/04\/490297659_122108606096820167_7932800225533121233_n-1024x673.jpg 1024w, https:\/\/djeddah.diplomatie.gov.bf\/wp-content\/uploads\/sites\/16\/2025\/04\/490297659_122108606096820167_7932800225533121233_n-768x504.jpg 768w, https:\/\/djeddah.diplomatie.gov.bf\/wp-content\/uploads\/sites\/16\/2025\/04\/490297659_122108606096820167_7932800225533121233_n-1536x1009.jpg 1536w, https:\/\/djeddah.diplomatie.gov.bf\/wp-content\/uploads\/sites\/16\/2025\/04\/490297659_122108606096820167_7932800225533121233_n.jpg 1600w\" sizes=\"(max-width: 300px) 100vw, 300px\" \/>\n             <\/div>\n        <\/div><div class=\"eael-entry-wrapper\"><header class=\"eael-entry-header\"><h2 class=\"eael-entry-title\"><a class=\"eael-grid-post-link\" href=\"https:\/\/djeddah.diplomatie.gov.bf\/index.php\/consulat-general-du-burkina-faso-a-djeddah-suite-et-fin-de-la-deuxieme-edition-des-journees-nationales-dengagement-patriotique-et-participation-citoyenne-jneppc-a-medine\/\" title=\"Consulat G\u00e9n\u00e9ral du Burkina Faso \u00e0 Djeddah : Suite et fin de la deuxi\u00e8me \u00e9dition des Journ\u00e9es Nationales d\u2019Engagement Patriotique et Participation Citoyenne (JNEPPC) \u00e0 M\u00e9dine\">Consulat G\u00e9n\u00e9ral du Burkina Faso \u00e0 Djeddah : Suite et fin de la deuxi\u00e8me \u00e9dition des Journ\u00e9es Nationales d\u2019Engagement Patriotique<\/a><\/h2><\/header><div class=\"eael-entry-meta\"><span class=\"eael-posted-by\"><a href=\"https:\/\/djeddah.diplomatie.gov.bf\/index.php\/author\/kobie1\/\" title=\"Posts by D\u00e9sir\u00e9 KOBIE\" rel=\"author\">D\u00e9sir\u00e9 KOBIE<\/a><\/span><span class=\"eael-posted-on\"><time datetime=\"11 avril 2025\">11 avril 2025<\/time><\/span><\/div><div class=\"eael-entry-content\">\n                        <div class=\"eael-grid-post-excerpt\"><p>Lanc\u00e9e le 26 mars 2025 dans l\u2019enceinte du Consulat G\u00e9n\u00e9ral...<\/p><a href=\"https:\/\/djeddah.diplomatie.gov.bf\/index.php\/consulat-general-du-burkina-faso-a-djeddah-suite-et-fin-de-la-deuxieme-edition-des-journees-nationales-dengagement-patriotique-et-participation-citoyenne-jneppc-a-medine\/\" class=\"eael-post-elements-readmore-btn\">Voir d\u00e9tail<\/a><\/div>\n                    <\/div><\/div><\/div>\n        <\/div>\n    <\/article><article class=\"eael-grid-post  eael-post-grid-column eael-pg-post-5051 category-actualites\" data-id=\"5051\">\n        <div class=\"eael-grid-post-holder\">\n            <div class=\"eael-grid-post-holder-inner\"><div class=\"eael-entry-media\"><ul class=\"post-carousel-categories\"><li><a href=\"https:\/\/djeddah.diplomatie.gov.bf\/index.php\/category\/actualites\/\">Actualit\u00e9s<\/a><\/li><\/ul><div class=\"eael-entry-overlay fade-in\"><i class=\"fas fa-long-arrow-alt-right\" aria-hidden=\"true\"><\/i><a href=\"https:\/\/djeddah.diplomatie.gov.bf\/index.php\/deuxieme-edition-des-journees-nationales-dengagement-patriotique-et-de-participation-citoyenne\/\"><\/a><\/div><div class=\"eael-entry-thumbnail \">\n                 <img decoding=\"async\" width=\"300\" height=\"189\" src=\"https:\/\/djeddah.diplomatie.gov.bf\/wp-content\/uploads\/sites\/16\/2025\/04\/487920360_122102219324820167_9086000435438046121_n-300x189.jpg\" class=\"attachment-medium size-medium wp-image-5053\" alt=\"\" srcset=\"https:\/\/djeddah.diplomatie.gov.bf\/wp-content\/uploads\/sites\/16\/2025\/04\/487920360_122102219324820167_9086000435438046121_n-300x189.jpg 300w, https:\/\/djeddah.diplomatie.gov.bf\/wp-content\/uploads\/sites\/16\/2025\/04\/487920360_122102219324820167_9086000435438046121_n-1024x645.jpg 1024w, https:\/\/djeddah.diplomatie.gov.bf\/wp-content\/uploads\/sites\/16\/2025\/04\/487920360_122102219324820167_9086000435438046121_n-768x484.jpg 768w, https:\/\/djeddah.diplomatie.gov.bf\/wp-content\/uploads\/sites\/16\/2025\/04\/487920360_122102219324820167_9086000435438046121_n.jpg 1199w\" sizes=\"(max-width: 300px) 100vw, 300px\" \/>\n             <\/div>\n        <\/div><div class=\"eael-entry-wrapper\"><header class=\"eael-entry-header\"><h2 class=\"eael-entry-title\"><a class=\"eael-grid-post-link\" href=\"https:\/\/djeddah.diplomatie.gov.bf\/index.php\/deuxieme-edition-des-journees-nationales-dengagement-patriotique-et-de-participation-citoyenne\/\" title=\"DEUXIEME EDITION DES JOURNEES NATIONALES D\u2019ENGAGEMENT PATRIOTIQUE ET DE PARTICIPATION CITOYENNE\">DEUXIEME EDITION DES JOURNEES NATIONALES D\u2019ENGAGEMENT PATRIOTIQUE ET DE PARTICIPATION CITOYENNE<\/a><\/h2><\/header><div class=\"eael-entry-meta\"><span class=\"eael-posted-by\"><a href=\"https:\/\/djeddah.diplomatie.gov.bf\/index.php\/author\/kobie1\/\" title=\"Posts by D\u00e9sir\u00e9 KOBIE\" rel=\"author\">D\u00e9sir\u00e9 KOBIE<\/a><\/span><span class=\"eael-posted-on\"><time datetime=\"29 mars 2025\">29 mars 2025<\/time><\/span><\/div><div class=\"eael-entry-content\">\n                        <div class=\"eael-grid-post-excerpt\"><p>DEUXIEME EDITION DES JOURNEES NATIONALES D\u2019ENGAGEMENT PATRIOTIQUE ET DE PARTICIPATION...<\/p><a href=\"https:\/\/djeddah.diplomatie.gov.bf\/index.php\/deuxieme-edition-des-journees-nationales-dengagement-patriotique-et-de-participation-citoyenne\/\" class=\"eael-post-elements-readmore-btn\">Voir d\u00e9tail<\/a><\/div>\n                    <\/div><\/div><\/div>\n        <\/div>\n    <\/article><article class=\"eael-grid-post  eael-post-grid-column eael-pg-post-4996 category-actualites\" data-id=\"4996\">\n        <div class=\"eael-grid-post-holder\">\n            <div class=\"eael-grid-post-holder-inner\"><div class=\"eael-entry-media\"><ul class=\"post-carousel-categories\"><li><a href=\"https:\/\/djeddah.diplomatie.gov.bf\/index.php\/category\/actualites\/\">Actualit\u00e9s<\/a><\/li><\/ul><div class=\"eael-entry-overlay fade-in\"><i class=\"fas fa-long-arrow-alt-right\" aria-hidden=\"true\"><\/i><a href=\"https:\/\/djeddah.diplomatie.gov.bf\/index.php\/election-des-delegues-au-haut-conseil-des-burkinabe-de-lexterieur-de-la-circonscription-consulaire-de-djeddah-royaume-darabie-saoudite\/\"><\/a><\/div><div class=\"eael-entry-thumbnail \">\n                 <img decoding=\"async\" width=\"300\" height=\"169\" src=\"https:\/\/djeddah.diplomatie.gov.bf\/wp-content\/uploads\/sites\/16\/2024\/12\/Image1-300x169.jpg\" class=\"attachment-medium size-medium wp-image-4997\" alt=\"\" srcset=\"https:\/\/djeddah.diplomatie.gov.bf\/wp-content\/uploads\/sites\/16\/2024\/12\/Image1-300x169.jpg 300w, https:\/\/djeddah.diplomatie.gov.bf\/wp-content\/uploads\/sites\/16\/2024\/12\/Image1.jpg 624w\" sizes=\"(max-width: 300px) 100vw, 300px\" \/>\n             <\/div>\n        <\/div><div class=\"eael-entry-wrapper\"><header class=\"eael-entry-header\"><h2 class=\"eael-entry-title\"><a class=\"eael-grid-post-link\" href=\"https:\/\/djeddah.diplomatie.gov.bf\/index.php\/election-des-delegues-au-haut-conseil-des-burkinabe-de-lexterieur-de-la-circonscription-consulaire-de-djeddah-royaume-darabie-saoudite\/\" title=\"Election des D\u00e9l\u00e9gu\u00e9s au Haut Conseil des Burkinab\u00e8 de l&rsquo;Ext\u00e9rieur de la Circonscription consulaire de Djeddah, Royaume d\u2019Arabie Saoudite\">Election des D\u00e9l\u00e9gu\u00e9s au Haut Conseil des Burkinab\u00e8 de l&rsquo;Ext\u00e9rieur de la Circonscription consulaire de Djeddah, Royaume d\u2019Arabie Saoudite<\/a><\/h2><\/header><div class=\"eael-entry-meta\"><span class=\"eael-posted-by\"><a href=\"https:\/\/djeddah.diplomatie.gov.bf\/index.php\/author\/kobie1\/\" title=\"Posts by D\u00e9sir\u00e9 KOBIE\" rel=\"author\">D\u00e9sir\u00e9 KOBIE<\/a><\/span><span class=\"eael-posted-on\"><time datetime=\"30 d\u00e9cembre 2024\">30 d\u00e9cembre 2024<\/time><\/span><\/div><div class=\"eael-entry-content\">\n                        <div class=\"eael-grid-post-excerpt\"><p>Le vendredi 20 d\u00e9cembre 2024, de 14 heures \u00e0 22...<\/p><a href=\"https:\/\/djeddah.diplomatie.gov.bf\/index.php\/election-des-delegues-au-haut-conseil-des-burkinabe-de-lexterieur-de-la-circonscription-consulaire-de-djeddah-royaume-darabie-saoudite\/\" class=\"eael-post-elements-readmore-btn\">Voir d\u00e9tail<\/a><\/div>\n                    <\/div><\/div><\/div>\n        <\/div>\n    <\/article><article class=\"eael-grid-post  eael-post-grid-column eael-pg-post-4982 category-actualites\" data-id=\"4982\">\n        <div class=\"eael-grid-post-holder\">\n            <div class=\"eael-grid-post-holder-inner\"><div class=\"eael-entry-media\"><ul class=\"post-carousel-categories\"><li><a href=\"https:\/\/djeddah.diplomatie.gov.bf\/index.php\/category\/actualites\/\">Actualit\u00e9s<\/a><\/li><\/ul><div class=\"eael-entry-overlay fade-in\"><i class=\"fas fa-long-arrow-alt-right\" aria-hidden=\"true\"><\/i><a href=\"https:\/\/djeddah.diplomatie.gov.bf\/index.php\/consulat-general-du-burkina-faso-a-djeddah-visite-de-courtoisie-du-consul-general-au-nouveau-directeur-general-du-ministere-saoudien-des-affaires-etrangeres-branche-de-la-region-de-la-mecque\/\"><\/a><\/div><div class=\"eael-entry-thumbnail \">\n                 <img loading=\"lazy\" decoding=\"async\" width=\"300\" height=\"200\" src=\"https:\/\/djeddah.diplomatie.gov.bf\/wp-content\/uploads\/sites\/16\/2024\/11\/Image1.png\" class=\"attachment-medium size-medium wp-image-4983\" alt=\"\" \/>\n             <\/div>\n        <\/div><div class=\"eael-entry-wrapper\"><header class=\"eael-entry-header\"><h2 class=\"eael-entry-title\"><a class=\"eael-grid-post-link\" href=\"https:\/\/djeddah.diplomatie.gov.bf\/index.php\/consulat-general-du-burkina-faso-a-djeddah-visite-de-courtoisie-du-consul-general-au-nouveau-directeur-general-du-ministere-saoudien-des-affaires-etrangeres-branche-de-la-region-de-la-mecque\/\" title=\"CONSULAT GENERAL DU BURKINA FASO A DJEDDAH : VISITE DE COURTOISIE DU CONSUL GENERAL AU NOUVEAU DIRECTEUR GENERAL DU MINISTERE SAOUDIEN DES AFFAIRES ETRANGERES &#8211; BRANCHE DE LA REGION DE LA MECQUE\">CONSULAT GENERAL DU BURKINA FASO A DJEDDAH : VISITE DE COURTOISIE DU CONSUL GENERAL AU NOUVEAU DIRECTEUR GENERAL DU MINISTERE<\/a><\/h2><\/header><div class=\"eael-entry-meta\"><span class=\"eael-posted-by\"><a href=\"https:\/\/djeddah.diplomatie.gov.bf\/index.php\/author\/kobie1\/\" title=\"Posts by D\u00e9sir\u00e9 KOBIE\" rel=\"author\">D\u00e9sir\u00e9 KOBIE<\/a><\/span><span class=\"eael-posted-on\"><time datetime=\"26 novembre 2024\">26 novembre 2024<\/time><\/span><\/div><div class=\"eael-entry-content\">\n                        <div class=\"eael-grid-post-excerpt\"><p>Le Consul G\u00e9n\u00e9ral du Burkina Faso \u00e0 Djeddah, au Royaume...<\/p><a href=\"https:\/\/djeddah.diplomatie.gov.bf\/index.php\/consulat-general-du-burkina-faso-a-djeddah-visite-de-courtoisie-du-consul-general-au-nouveau-directeur-general-du-ministere-saoudien-des-affaires-etrangeres-branche-de-la-region-de-la-mecque\/\" class=\"eael-post-elements-readmore-btn\">Voir d\u00e9tail<\/a><\/div>\n                    <\/div><\/div><\/div>\n        <\/div>\n    <\/article><\/div>\n            <div class=\"clearfix\"><\/div>\n        <\/div>            <div class=\"eael-load-more-button-wrap\">\n                <button class=\"eael-load-more-button\" id=\"eael-load-more-btn-caf15a2\" data-widget-id=\"caf15a2\" data-widget=\"caf15a2\" data-page-id=\"3068\" data-template=\"{&quot;dir&quot;:&quot;lite&quot;,&quot;file_name&quot;:&quot;three.php&quot;,&quot;name&quot;:&quot;Post-Grid&quot;}\" data-class=\"Essential_Addons_Elementor\\Elements\\Post_Grid\" data-layout=\"masonry\" data-page=\"1\" data-args=\"orderby=date&amp;order=desc&amp;ignore_sticky_posts=1&amp;post_status=publish&amp;posts_per_page=4&amp;offset=0&amp;post_type=post&amp;post__not_in%5B0%5D=1\" data-max-page=\"4\">\n                    <span class=\"eael-btn-loader button__loader\"><\/span>\n                    <span class=\"eael_load_more_text\">charger la suite<\/span>\n                <\/button>\n            <\/div>\n            \t\t\t\t<\/div>\n\t\t\t\t<\/div>\n\t\t\t\t\t<\/div>\n\t\t\t\t<\/div>\n\t\t\t\t<\/div>\n\t\t","protected":false},"excerpt":{"rendered":"<p>Non class\u00e9 10e Session de la Grande Commission mixte de coop\u00e9ration Burkina Faso-R\u00e9publique du Mali : la cheffe de la diplomatie burkinab\u00e8 francis27 juin 2024 La cheffe de la diplomatie burkinab\u00e8, S.E. Madame Olivia ROUAMBA&#8230; Voir d\u00e9tail Non class\u00e9 Coop\u00e9ration Burkina Faso-R\u00e9publique du Mali : les Travaux techniques de la 10e Session de la Grande [&hellip;]<\/p>\n","protected":false},"author":4,"featured_media":0,"parent":460,"menu_order":0,"comment_status":"closed","ping_status":"closed","template":"elementor_header_footer","meta":{"_acf_changed":false,"_monsterinsights_skip_tracking":false,"_monsterinsights_sitenote_active":false,"_monsterinsights_sitenote_note":"","_monsterinsights_sitenote_category":0,"footnotes":""},"class_list":["post-3068","page","type-page","status-publish","hentry"],"acf":[],"_links":{"self":[{"href":"https:\/\/djeddah.diplomatie.gov.bf\/index.php\/wp-json\/wp\/v2\/pages\/3068","targetHints":{"allow":["GET"]}}],"collection":[{"href":"https:\/\/djeddah.diplomatie.gov.bf\/index.php\/wp-json\/wp\/v2\/pages"}],"about":[{"href":"https:\/\/djeddah.diplomatie.gov.bf\/index.php\/wp-json\/wp\/v2\/types\/page"}],"author":[{"embeddable":true,"href":"https:\/\/djeddah.diplomatie.gov.bf\/index.php\/wp-json\/wp\/v2\/users\/4"}],"replies":[{"embeddable":true,"href":"https:\/\/djeddah.diplomatie.gov.bf\/index.php\/wp-json\/wp\/v2\/comments?post=3068"}],"version-history":[{"count":27,"href":"https:\/\/djeddah.diplomatie.gov.bf\/index.php\/wp-json\/wp\/v2\/pages\/3068\/revisions"}],"predecessor-version":[{"id":4343,"href":"https:\/\/djeddah.diplomatie.gov.bf\/index.php\/wp-json\/wp\/v2\/pages\/3068\/revisions\/4343"}],"up":[{"embeddable":true,"href":"https:\/\/djeddah.diplomatie.gov.bf\/index.php\/wp-json\/wp\/v2\/pages\/460"}],"wp:attachment":[{"href":"https:\/\/djeddah.diplomatie.gov.bf\/index.php\/wp-json\/wp\/v2\/media?parent=3068"}],"curies":[{"name":"wp","href":"https:\/\/api.w.org\/{rel}","templated":true}]}}