{"id":3029,"date":"2024-06-25T17:16:44","date_gmt":"2024-06-25T15:16:44","guid":{"rendered":"https:\/\/djeddah.diplomatie.gov.bf\/?page_id=3029"},"modified":"2024-09-02T15:53:04","modified_gmt":"2024-09-02T13:53:04","slug":"lambassade","status":"publish","type":"page","link":"https:\/\/djeddah.diplomatie.gov.bf\/index.php\/lambassade\/","title":{"rendered":"Le Consulat"},"content":{"rendered":"\t\t<div data-elementor-type=\"wp-page\" data-elementor-id=\"3029\" class=\"elementor elementor-3029\" data-elementor-post-type=\"page\">\n\t\t\t\t<div data-particle_enable=\"false\" data-particle-mobile-disabled=\"false\" class=\"elementor-element elementor-element-1118693 e-flex e-con-boxed e-con e-parent\" data-id=\"1118693\" data-element_type=\"container\" data-e-type=\"container\" data-settings=\"{&quot;background_background&quot;:&quot;classic&quot;}\">\n\t\t\t\t\t<div class=\"e-con-inner\">\n\t\t<div data-particle_enable=\"false\" data-particle-mobile-disabled=\"false\" class=\"elementor-element elementor-element-02acb59 e-con-full e-flex e-con e-child\" data-id=\"02acb59\" data-element_type=\"container\" data-e-type=\"container\">\n\t\t\t\t<div class=\"elementor-element elementor-element-5bd8cc9 elementor-widget elementor-widget-image\" data-id=\"5bd8cc9\" data-element_type=\"widget\" data-e-type=\"widget\" data-widget_type=\"image.default\">\n\t\t\t\t<div class=\"elementor-widget-container\">\n\t\t\t\t\t\t\t\t\t\t\t\t<figure class=\"wp-caption\">\n\t\t\t\t\t\t\t\t\t\t\t<a href=\"https:\/\/djeddah.diplomatie.gov.bf\/wp-content\/uploads\/sites\/16\/2024\/09\/photo-Consulat-General-du-Burkina-Faso-a-Djeddah.jpg\" data-elementor-open-lightbox=\"yes\" data-elementor-lightbox-title=\"photo Consulat G\u00e9n\u00e9ral du Burkina Faso \u00e0 Djeddah\" data-e-action-hash=\"#elementor-action%3Aaction%3Dlightbox%26settings%3DeyJpZCI6NDYyMiwidXJsIjoiaHR0cHM6XC9cL2RqZWRkYWguZGlwbG9tYXRpZS5nb3YuYmZcL3dwLWNvbnRlbnRcL3VwbG9hZHNcL3NpdGVzXC8xNlwvMjAyNFwvMDlcL3Bob3RvLUNvbnN1bGF0LUdlbmVyYWwtZHUtQnVya2luYS1GYXNvLWEtRGplZGRhaC5qcGcifQ%3D%3D\">\n\t\t\t\t\t\t\t<img fetchpriority=\"high\" decoding=\"async\" width=\"640\" height=\"340\" src=\"https:\/\/djeddah.diplomatie.gov.bf\/wp-content\/uploads\/sites\/16\/2024\/09\/photo-Consulat-General-du-Burkina-Faso-a-Djeddah.jpg\" class=\"attachment-large size-large wp-image-4622\" alt=\"\" \/>\t\t\t\t\t\t\t\t<\/a>\n\t\t\t\t\t\t\t\t\t\t\t<figcaption class=\"widget-image-caption wp-caption-text\">Consulat G\u00e9n\u00e9ral du Burkina Faso \u00e0 Djeddah au Royaume Arabie Saoudite<\/figcaption>\n\t\t\t\t\t\t\t\t\t\t<\/figure>\n\t\t\t\t\t\t\t\t\t<\/div>\n\t\t\t\t<\/div>\n\t\t\t\t<\/div>\n\t\t<div data-particle_enable=\"false\" data-particle-mobile-disabled=\"false\" class=\"elementor-element elementor-element-32a00ed e-con-full e-flex e-con e-child\" data-id=\"32a00ed\" data-element_type=\"container\" data-e-type=\"container\">\n\t\t\t\t<div class=\"elementor-element elementor-element-4466885 elementor-widget elementor-widget-text-editor\" data-id=\"4466885\" data-element_type=\"widget\" data-e-type=\"widget\" data-widget_type=\"text-editor.default\">\n\t\t\t\t<div class=\"elementor-widget-container\">\n\t\t\t\t\t\t\t\t\t<p>Le Consulat G\u00e9n\u00e9ral du Burkina Faso \u00e0 Djeddah en Arabie Saoudite a ouvert ses portes en novembre 1996 en remplacement de l\u2019Ambassade du Burkina Faso qui a d\u00e9m\u00e9nag\u00e9 dans la capitale saoudienne (Riyad). Le premier Consul G\u00e9n\u00e9ral fut Monsieur Mansa OUNTANA.\u00a0<\/p><p>Depuis son ouverture, cinq (05) Consuls G\u00e9n\u00e9raux se sont succ\u00e9d\u00e9s. L\u2019actuel Consul G\u00e9n\u00e9ral est Monsieur Sa\u00efdou OUEDRAOGO. Il a pris service en qualit\u00e9 de Consul G\u00e9n\u00e9ral \u00e0 Djeddah le 13 mars 2023. La liste des diff\u00e9rents Consuls G\u00e9n\u00e9raux se pr\u00e9sente comme suit\u00a0:<\/p><ul><li><strong>Monsieur Mansa OUNTANA de novembre 1996 \u00e0 novembre 2007\u00a0;<\/strong><\/li><li><strong>Monsieur Adama COMPAORE de 05 novembre 2007 au 30 avril 2014\u00a0;<\/strong><\/li><li><strong>Monsieur Youssouf ROAMBA de 04 mai 2014 au 28 avril 2019\u00a0;<\/strong><\/li><li><strong>Monsieur Boukari SANA du 28 avril 2019 \u00e0 22 mai 2022\u00a0;<\/strong><\/li><li><strong>Monsieur Sa\u00efdou OUEDRAOGO, depuis le 13 mars 2023.<\/strong><\/li><\/ul><p>Le Consulat G\u00e9n\u00e9ral du Burkina Faso \u00e0 Djeddah a pour circonscription consulaire les R\u00e9gions de la Mecque (La Mecque, Djeddah, Ta\u00eff) et de M\u00e9dine.<\/p>\t\t\t\t\t\t\t\t<\/div>\n\t\t\t\t<\/div>\n\t\t\t\t<\/div>\n\t\t\t\t\t<\/div>\n\t\t\t\t<\/div>\n\t\t<div data-particle_enable=\"false\" data-particle-mobile-disabled=\"false\" class=\"elementor-element elementor-element-3d7e291 e-flex e-con-boxed e-con e-parent\" data-id=\"3d7e291\" data-element_type=\"container\" data-e-type=\"container\" data-settings=\"{&quot;background_background&quot;:&quot;classic&quot;,&quot;background_motion_fx_motion_fx_scrolling&quot;:&quot;yes&quot;,&quot;background_motion_fx_translateY_effect&quot;:&quot;yes&quot;,&quot;shape_divider_top&quot;:&quot;triangle-asymmetrical&quot;,&quot;shape_divider_bottom&quot;:&quot;wave-brush&quot;,&quot;background_motion_fx_translateY_speed&quot;:{&quot;unit&quot;:&quot;px&quot;,&quot;size&quot;:4,&quot;sizes&quot;:[]},&quot;background_motion_fx_translateY_affectedRange&quot;:{&quot;unit&quot;:&quot;%&quot;,&quot;size&quot;:&quot;&quot;,&quot;sizes&quot;:{&quot;start&quot;:0,&quot;end&quot;:100}},&quot;background_motion_fx_devices&quot;:[&quot;desktop&quot;,&quot;tablet&quot;,&quot;mobile&quot;]}\">\n\t\t\t\t\t<div class=\"e-con-inner\">\n\t\t\t\t<div class=\"elementor-shape elementor-shape-top\" aria-hidden=\"true\" data-negative=\"false\">\n\t\t\t<svg xmlns=\"http:\/\/www.w3.org\/2000\/svg\" viewBox=\"0 0 1000 100\" preserveAspectRatio=\"none\">\n\t<path class=\"elementor-shape-fill\" d=\"M738,99l262-93V0H0v5.6L738,99z\"\/>\n<\/svg>\t\t<\/div>\n\t\t\t\t<div class=\"elementor-shape elementor-shape-bottom\" aria-hidden=\"true\" data-negative=\"false\">\n\t\t\t<svg xmlns=\"http:\/\/www.w3.org\/2000\/svg\" viewBox=\"0 0 283.5 27.8\" preserveAspectRatio=\"none\">\n\t<path class=\"elementor-shape-fill\" d=\"M283.5,9.7c0,0-7.3,4.3-14,4.6c-6.8,0.3-12.6,0-20.9-1.5c-11.3-2-33.1-10.1-44.7-5.7\ts-12.1,4.6-18,7.4c-6.6,3.2-20,9.6-36.6,9.3C131.6,23.5,99.5,7.2,86.3,8c-1.4,0.1-6.6,0.8-10.5,2c-3.8,1.2-9.4,3.8-17,4.7\tc-3.2,0.4-8.3,1.1-14.2,0.9c-1.5-0.1-6.3-0.4-12-1.6c-5.7-1.2-11-3.1-15.8-3.7C6.5,9.2,0,10.8,0,10.8V0h283.5V9.7z M260.8,11.3\tc-0.7-1-2-0.4-4.3-0.4c-2.3,0-6.1-1.2-5.8-1.1c0.3,0.1,3.1,1.5,6,1.9C259.7,12.2,261.4,12.3,260.8,11.3z M242.4,8.6\tc0,0-2.4-0.2-5.6-0.9c-3.2-0.8-10.3-2.8-15.1-3.5c-8.2-1.1-15.8,0-15.1,0.1c0.8,0.1,9.6-0.6,17.6,1.1c3.3,0.7,9.3,2.2,12.4,2.7\tC239.9,8.7,242.4,8.6,242.4,8.6z M185.2,8.5c1.7-0.7-13.3,4.7-18.5,6.1c-2.1,0.6-6.2,1.6-10,2c-3.9,0.4-8.9,0.4-8.8,0.5\tc0,0.2,5.8,0.8,11.2,0c5.4-0.8,5.2-1.1,7.6-1.6C170.5,14.7,183.5,9.2,185.2,8.5z M199.1,6.9c0.2,0-0.8-0.4-4.8,1.1\tc-4,1.5-6.7,3.5-6.9,3.7c-0.2,0.1,3.5-1.8,6.6-3C197,7.5,199,6.9,199.1,6.9z M283,6c-0.1,0.1-1.9,1.1-4.8,2.5s-6.9,2.8-6.7,2.7\tc0.2,0,3.5-0.6,7.4-2.5C282.8,6.8,283.1,5.9,283,6z M31.3,11.6c0.1-0.2-1.9-0.2-4.5-1.2s-5.4-1.6-7.8-2C15,7.6,7.3,8.5,7.7,8.6\tC8,8.7,15.9,8.3,20.2,9.3c2.2,0.5,2.4,0.5,5.7,1.6S31.2,11.9,31.3,11.6z M73,9.2c0.4-0.1,3.5-1.6,8.4-2.6c4.9-1.1,8.9-0.5,8.9-0.8\tc0-0.3-1-0.9-6.2-0.3S72.6,9.3,73,9.2z M71.6,6.7C71.8,6.8,75,5.4,77.3,5c2.3-0.3,1.9-0.5,1.9-0.6c0-0.1-1.1-0.2-2.7,0.2\tC74.8,5.1,71.4,6.6,71.6,6.7z M93.6,4.4c0.1,0.2,3.5,0.8,5.6,1.8c2.1,1,1.8,0.6,1.9,0.5c0.1-0.1-0.8-0.8-2.4-1.3\tC97.1,4.8,93.5,4.2,93.6,4.4z M65.4,11.1c-0.1,0.3,0.3,0.5,1.9-0.2s2.6-1.3,2.2-1.2s-0.9,0.4-2.5,0.8C65.3,10.9,65.5,10.8,65.4,11.1\tz M34.5,12.4c-0.2,0,2.1,0.8,3.3,0.9c1.2,0.1,2,0.1,2-0.2c0-0.3-0.1-0.5-1.6-0.4C36.6,12.8,34.7,12.4,34.5,12.4z M152.2,21.1\tc-0.1,0.1-2.4-0.3-7.5-0.3c-5,0-13.6-2.4-17.2-3.5c-3.6-1.1,10,3.9,16.5,4.1C150.5,21.6,152.3,21,152.2,21.1z\"\/>\n\t<path class=\"elementor-shape-fill\" d=\"M269.6,18c-0.1-0.1-4.6,0.3-7.2,0c-7.3-0.7-17-3.2-16.6-2.9c0.4,0.3,13.7,3.1,17,3.3\tC267.7,18.8,269.7,18,269.6,18z\"\/>\n\t<path class=\"elementor-shape-fill\" d=\"M227.4,9.8c-0.2-0.1-4.5-1-9.5-1.2c-5-0.2-12.7,0.6-12.3,0.5c0.3-0.1,5.9-1.8,13.3-1.2\tS227.6,9.9,227.4,9.8z\"\/>\n\t<path class=\"elementor-shape-fill\" d=\"M204.5,13.4c-0.1-0.1,2-1,3.2-1.1c1.2-0.1,2,0,2,0.3c0,0.3-0.1,0.5-1.6,0.4\tC206.4,12.9,204.6,13.5,204.5,13.4z\"\/>\n\t<path class=\"elementor-shape-fill\" d=\"M201,10.6c0-0.1-4.4,1.2-6.3,2.2c-1.9,0.9-6.2,3.1-6.1,3.1c0.1,0.1,4.2-1.6,6.3-2.6\tS201,10.7,201,10.6z\"\/>\n\t<path class=\"elementor-shape-fill\" d=\"M154.5,26.7c-0.1-0.1-4.6,0.3-7.2,0c-7.3-0.7-17-3.2-16.6-2.9c0.4,0.3,13.7,3.1,17,3.3\tC152.6,27.5,154.6,26.8,154.5,26.7z\"\/>\n\t<path class=\"elementor-shape-fill\" d=\"M41.9,19.3c0,0,1.2-0.3,2.9-0.1c1.7,0.2,5.8,0.9,8.2,0.7c4.2-0.4,7.4-2.7,7-2.6\tc-0.4,0-4.3,2.2-8.6,1.9c-1.8-0.1-5.1-0.5-6.7-0.4S41.9,19.3,41.9,19.3z\"\/>\n\t<path class=\"elementor-shape-fill\" d=\"M75.5,12.6c0.2,0.1,2-0.8,4.3-1.1c2.3-0.2,2.1-0.3,2.1-0.5c0-0.1-1.8-0.4-3.4,0\tC76.9,11.5,75.3,12.5,75.5,12.6z\"\/>\n\t<path class=\"elementor-shape-fill\" d=\"M15.6,13.2c0-0.1,4.3,0,6.7,0.5c2.4,0.5,5,1.9,5,2c0,0.1-2.7-0.8-5.1-1.4\tC19.9,13.7,15.7,13.3,15.6,13.2z\"\/>\n<\/svg>\t\t<\/div>\n\t\t\t\t<div class=\"elementor-element elementor-element-570a45a eael-divider-center elementor-widget elementor-widget-eael-divider\" data-id=\"570a45a\" data-element_type=\"widget\" data-e-type=\"widget\" data-widget_type=\"eael-divider.default\">\n\t\t\t\t<div class=\"elementor-widget-container\">\n\t\t\t\t\t\t\t<div class=\"eael-divider-wrap divider-direction-horizontal\">\n\t\t\t\t\t\t\t<div class=\"divider-text-container\">\n\t\t\t\t\t<div class=\"divider-text-wrap\">\n\t\t\t\t\t\t\t\t\t\t\t\t\t<span class=\"divider-border-wrap divider-border-left\">\n\t\t\t\t\t\t\t\t<span class=\"divider-border\"><\/span>\n\t\t\t\t\t\t\t<\/span>\n\t\t\t\t\t\t\t\t\t\t\t\t<span class=\"eael-divider-content\">\n\t\t\t\t\t\t\t\t\t\t\t\t\t\t\t<span class=\"eael-divider-icon\">\n\t\t\t\t\t\t\t\t\t\t\t\t\t\t\t\t\t\t\t<svg aria-hidden=\"false\" class=\"e-font-icon-svg e-fas-star\" viewBox=\"0 0 576 512\" xmlns=\"http:\/\/www.w3.org\/2000\/svg\"><path d=\"M259.3 17.8L194 150.2 47.9 171.5c-26.2 3.8-36.7 36.1-17.7 54.6l105.7 103-25 145.5c-4.5 26.3 23.2 46 46.4 33.7L288 439.6l130.7 68.7c23.2 12.2 50.9-7.4 46.4-33.7l-25-145.5 105.7-103c19-18.5 8.5-50.8-17.7-54.6L382 150.2 316.7 17.8c-11.7-23.6-45.6-23.9-57.4 0z\"><\/path><\/svg>\t\t\t\t\t\t\t\t\t\t\t\t\t\t\t\t\t<\/span>\n\t\t\t\t\t\t\t\t\t\t\t\t\t<\/span>\n\t\t\t\t\t\t\t\t\t\t\t\t\t<span class=\"divider-border-wrap divider-border-right\">\n\t\t\t\t\t\t\t\t<span class=\"divider-border\"><\/span>\n\t\t\t\t\t\t\t<\/span>\n\t\t\t\t\t\t\t\t\t\t\t<\/div>\n\t\t\t\t<\/div>\n\t\t\t\t\t<\/div>\n\t\t\t\t<\/div>\n\t\t\t\t<\/div>\n\t\t\t\t<div class=\"elementor-element elementor-element-6150f26 elementor-widget-divider--view-line_text elementor-widget-divider--element-align-center elementor-widget elementor-widget-divider\" data-id=\"6150f26\" data-element_type=\"widget\" data-e-type=\"widget\" data-widget_type=\"divider.default\">\n\t\t\t\t<div class=\"elementor-widget-container\">\n\t\t\t\t\t\t\t<div class=\"elementor-divider\">\n\t\t\t<span class=\"elementor-divider-separator\">\n\t\t\t\t\t\t\t<span class=\"elementor-divider__text elementor-divider__element\">\n\t\t\t\tMissions et services du Consulat\t\t\t\t<\/span>\n\t\t\t\t\t\t<\/span>\n\t\t<\/div>\n\t\t\t\t\t\t<\/div>\n\t\t\t\t<\/div>\n\t\t\t\t<div class=\"elementor-element elementor-element-676a9d4 elementor-widget elementor-widget-eael-adv-tabs\" data-id=\"676a9d4\" data-element_type=\"widget\" data-e-type=\"widget\" data-widget_type=\"eael-adv-tabs.default\">\n\t\t\t\t<div class=\"elementor-widget-container\">\n\t\t\t\t\t        <div data-scroll-on-click=\"no\" data-scroll-speed=\"300\" id=\"eael-advance-tabs-676a9d4\" class=\"eael-advance-tabs eael-tabs-vertical eael-tab-auto-active \" data-tabid=\"676a9d4\">\n            <div class=\"eael-tabs-nav \">\n                <ul class=\"eael-tab-inline-icon\" role=\"tablist\">\n                                            <li id=\"les-missions\" class=\"inactive eael-tab-item-trigger eael-tab-nav-item\" aria-selected=\"true\" data-tab=\"1\" role=\"tab\" tabindex=\"0\" aria-controls=\"les-missions-tab\" aria-expanded=\"false\">\n                            \n                                                                <svg class=\"e-font-icon-svg e-far-object-group\" viewBox=\"0 0 512 512\" xmlns=\"http:\/\/www.w3.org\/2000\/svg\"><path d=\"M500 128c6.627 0 12-5.373 12-12V44c0-6.627-5.373-12-12-12h-72c-6.627 0-12 5.373-12 12v12H96V44c0-6.627-5.373-12-12-12H12C5.373 32 0 37.373 0 44v72c0 6.627 5.373 12 12 12h12v256H12c-6.627 0-12 5.373-12 12v72c0 6.627 5.373 12 12 12h72c6.627 0 12-5.373 12-12v-12h320v12c0 6.627 5.373 12 12 12h72c6.627 0 12-5.373 12-12v-72c0-6.627-5.373-12-12-12h-12V128h12zm-52-64h32v32h-32V64zM32 64h32v32H32V64zm32 384H32v-32h32v32zm416 0h-32v-32h32v32zm-40-64h-12c-6.627 0-12 5.373-12 12v12H96v-12c0-6.627-5.373-12-12-12H72V128h12c6.627 0 12-5.373 12-12v-12h320v12c0 6.627 5.373 12 12 12h12v256zm-36-192h-84v-52c0-6.628-5.373-12-12-12H108c-6.627 0-12 5.372-12 12v168c0 6.628 5.373 12 12 12h84v52c0 6.628 5.373 12 12 12h200c6.627 0 12-5.372 12-12V204c0-6.628-5.373-12-12-12zm-268-24h144v112H136V168zm240 176H232v-24h76c6.627 0 12-5.372 12-12v-76h56v112z\"><\/path><\/svg>                                                            \n                                                            <span class=\"eael-tab-title title-after-icon\" >Les missions<\/span>                            \n                                                    <\/li>\n                                            <li id=\"les-services\" class=\"inactive eael-tab-item-trigger eael-tab-nav-item\" aria-selected=\"false\" data-tab=\"2\" role=\"tab\" tabindex=\"-1\" aria-controls=\"les-services-tab\" aria-expanded=\"false\">\n                            \n                                                                <svg class=\"e-font-icon-svg e-fab-servicestack\" viewBox=\"0 0 496 512\" xmlns=\"http:\/\/www.w3.org\/2000\/svg\"><path d=\"M88 216c81.7 10.2 273.7 102.3 304 232H0c99.5-8.1 184.5-137 88-232zm32-152c32.3 35.6 47.7 83.9 46.4 133.6C249.3 231.3 373.7 321.3 400 448h96C455.3 231.9 222.8 79.5 120 64z\"><\/path><\/svg>                                                            \n                                                            <span class=\"eael-tab-title title-after-icon\" >Les services<\/span>                            \n                                                    <\/li>\n                    \n                                  <\/ul>\n            <\/div>\n            \n            <div class=\"eael-tabs-content\">\n\t\t        \n                    <div id=\"les-missions-tab\" class=\"clearfix eael-tab-content-item inactive\" data-title-link=\"les-missions-tab\">\n\t\t\t\t        <p>Le Consulat a pour missions principales\u00a0 :\u00a0<\/p><ul><li>Prot\u00e9ger les int\u00e9r\u00eats du Burkina Faso et de ses ressortissants dans la circonscription consulaire du Consulat G\u00e9n\u00e9ral\u00a0;<\/li><li>Pr\u00eater secours et assistance aux ressortissants burkinab\u00e8\u00a0;<\/li><li>Participer \u00e0 l\u2019organisation du p\u00e8lerinage annuel musulman (Hadj)\u00a0;<\/li><li>Favoriser le d\u00e9veloppement de relations commerciales, \u00e9conomiques, culturelles et scientifiques entre le Burkina Faso et les r\u00e9gions saoudiennes de la circonscription consulaire ;<\/li><li>S\u2019informer, par tous les moyens licites, des conditions et de l\u2019\u00e9volution de la vie commerciale, \u00e9conomique, culturelle et scientifique de la circonscription consulaire ;<\/li><li>D\u00e9livrer des actes d\u2019\u00e9tat civil au b\u00e9n\u00e9fice des ressortissants burkinab\u00e8 et faciliter la d\u00e9livrance de visas et documents appropri\u00e9s aux personnes qui d\u00e9sirent se rendre au Burkina Faso ;<\/li><li>Agir en qualit\u00e9 d\u2019officier d\u2019\u00e9tat civil et exercer des fonctions similaires, ainsi que certaines fonctions d\u2019ordre administratif, pour autant que les lois et r\u00e8glements de l\u2019Etat de r\u00e9sidence ne s\u2019y opposent pas.<\/li><\/ul>                    <\/div>\n\t\t        \n                    <div id=\"les-services-tab\" class=\"clearfix eael-tab-content-item inactive\" data-title-link=\"les-services-tab\">\n\t\t\t\t        <p>Le Consulat G\u00e9n\u00e9ral du Burkina Faso \u00e0 Djeddah est organis\u00e9 ainsi que suit\u00a0:<\/p><h5><strong><u>1.Le Cabinet du Consul G\u00e9n\u00e9ral<\/u><\/strong><\/h5><p>Le Cabinet du Consul G\u00e9n\u00e9ral comprend, outre le Consul G\u00e9n\u00e9ral, le Secr\u00e9tariat Particulier, le Protocole et l\u2019Agent de liaison.<\/p><p><strong>1.1. Le Consul G\u00e9n\u00e9ral<\/strong><\/p><p>Le Consul G\u00e9n\u00e9ral assure dans les limites de sa circonscription consulaire les fonctions de repr\u00e9sentation et de protection des int\u00e9r\u00eats du Burkina Faso et de ses ressortissants.<\/p><p>Il d\u00e9finit l\u2019orientation g\u00e9n\u00e9rale des activit\u00e9s du Consulat G\u00e9n\u00e9ral conform\u00e9ment \u00e0 sa lettre de mission et assure l\u2019animation ainsi que la responsabilit\u00e9 du fonctionnement harmonieux de tous les services.<\/p><p>Aussi, assure-t-il la coordination et la direction des activit\u00e9s du Consulat G\u00e9n\u00e9ral en rapport avec le P\u00e8lerinage annuel musulman (Hadj).<\/p><p>Il \u0153uvre, en outre, de concert avec l\u2019Ambassade du Burkina Faso \u00e0 Riyad, au d\u00e9veloppement des relations \u00e9conomiques, commerciales, culturelles et scientifiques entre le Burkina Faso et les r\u00e9gions du Royaume d\u2019Arabie Saoudite relevant de sa circonscription consulaire.<\/p><p><strong>1.2. Le Secr\u00e9tariat particulier<\/strong><\/p><p>Il est charg\u00e9 de :<\/p><ul><li>Organiser et g\u00e9rer l\u2019emploi de temps du Consul G\u00e9n\u00e9ral\u00a0;<\/li><li>De traiter et suivre le courrier ordinaire, confidentiel et r\u00e9serv\u00e9\u00a0;<\/li><li>Ventiler le courrier \u00e0 l\u2019interne apr\u00e8s imputation du Consul G\u00e9n\u00e9ral\u00a0;<\/li><li>Participer \u00e0 la planification, \u00e0 l\u2019organisation et au suivi des activit\u00e9s\u00a0;<\/li><li>G\u00e9rer le t\u00e9l\u00e9copieur et le courrier \u00e9lectronique\u00a0;<\/li><li>Proc\u00e9der \u00e0 la r\u00e9ception et \u00e0 l\u2019exp\u00e9dition de la valise diplomatique\u00a0;<\/li><li>G\u00e9rer le carnet d\u2019adresse et les audiences du Consul G\u00e9n\u00e9ral\u00a0;<\/li><li>Ex\u00e9cuter toutes autres t\u00e2ches administratives \u00e0 lui confier par le Consul G\u00e9n\u00e9ral.<\/li><\/ul><p><strong>1.3.Le protocole<\/strong><\/p><p>Le protocole est charg\u00e9 de l\u2019organisation des c\u00e9r\u00e9monies, audiences et d\u00e9placements officiels du Consul g\u00e9n\u00e9ral.<\/p><p>Il est en outre charg\u00e9 de\u00a0:<\/p><ul><li>Organiser l\u2019accueil, l\u2019h\u00e9bergement et le programme de s\u00e9jour des personnalit\u00e9s burkinab\u00e8 en visite dans la circonscription consulaire\u00a0;<\/li><li>Assurer la liaison entre le Consulat G\u00e9n\u00e9ral et les Services du Protocole du Minist\u00e8re des Affaires Etrang\u00e8res du Royaume d\u2019Arabie Saoudite ;<\/li><li>Traiter et suivre les dossiers relatifs aux privil\u00e8ges et immunit\u00e9s\u00a0;<\/li><li>Ex\u00e9cuter toutes autres t\u00e2ches administratives \u00e0 lui confier par le Consul G\u00e9n\u00e9ral.<\/li><\/ul><p>\u00a0<\/p><p>Le protocole est assur\u00e9 par un attach\u00e9 consulaire et \u00e0 d\u00e9faut par un membre du personnel local d\u00e9sign\u00e9 par une note du Consul G\u00e9n\u00e9ral.<\/p><p><strong>1.4. L\u2019agent de liaison<\/strong><\/p><p>L\u2019agent de liaison, de concert avec le Secr\u00e9tariat, est charg\u00e9 de\u00a0:<\/p><ul><li>La ventilation du courrier du Consulat G\u00e9n\u00e9ral vers leurs destinataires\u00a0;<\/li><li>R\u00e9cup\u00e9rer les courriers du Consulat G\u00e9n\u00e9ral au Minist\u00e8re des Affaires Etrang\u00e8res et \u00e0 l\u2019adresse postale du Consulat.<\/li><li>Ex\u00e9cuter toute autre t\u00e2che \u00e0 lui confier par ses sup\u00e9rieurs hi\u00e9rarchiques<\/li><\/ul><h5><strong><u>2. Le Secr\u00e9tariat<\/u><\/strong><\/h5><p>En collaboration avec le Secr\u00e9tariat particulier du Consul G\u00e9n\u00e9ral, il est charg\u00e9 de\u00a0:<\/p><ul><li>Accueillir, informer et orienter les usagers\u00a0;<\/li><li>Organiser le travail du Secr\u00e9tariat\u00a0;<\/li><li>R\u00e9ceptionner et exp\u00e9dier le courrier normal\u00a0;<\/li><li>G\u00e9rer le t\u00e9l\u00e9copieur\u00a0et les appels t\u00e9l\u00e9phoniques ;<\/li><li>Faire le classement du courrier ;<\/li><li>Ex\u00e9cuter toute autre t\u00e2che administrative confi\u00e9e par les sup\u00e9rieurs hi\u00e9rarchiques.<\/li><\/ul><h5><strong><u>3. Le Service Administratif\u00a0<\/u><\/strong><\/h5><p>Il est charg\u00e9 de :<\/p><ul><li>Coordonner l\u2019ex\u00e9cution des activit\u00e9s des diff\u00e9rents services du Consulat G\u00e9n\u00e9ral\u00a0;<\/li><li>Suivre et traiter toutes les questions \u00e0 caract\u00e8re administratif et sp\u00e9cifique des Burkinab\u00e8 de la circonscription consulaire\u00a0;<\/li><li>Exercer les fonctions d\u2019officier d\u2019\u00e9tat civil d\u00e9l\u00e9gu\u00e9\u00a0;<\/li><li>Assurer le contr\u00f4le du d\u00e9pouillement et de la confection de la valise diplomatique \u00e0 l\u2019arriv\u00e9e et au d\u00e9part\u00a0;<\/li><li>Organiser, sensibiliser et mobiliser les ressortissants burkinab\u00e8 de la circonscription consulaire\u00a0;<\/li><li>Suivre, en liaison avec le Service Consulaire, les questions relatives \u00e0 la situation des ressortissants burkinab\u00e8 d\u00e9tenus ou interpell\u00e9s par les services du pays d\u2019accueil, en relation avec les cabinets d\u2019avocat\u00a0le cas \u00e9ch\u00e9ant ;<\/li><li>Assurer la gestion administrative du personnel\u00a0;<\/li><li>Elaborer, en coordination avec les autres services, les projets de programmes et de rapports d\u2019activit\u00e9s p\u00e9riodiques et annuels\u00a0;<\/li><li>Ex\u00e9cuter toute autre t\u00e2che administrative confi\u00e9e par le Consul G\u00e9n\u00e9ral.<\/li><\/ul><h5><strong><u>4. Le Service Consulaire<\/u><\/strong><\/h5><p>Le Service Consulaire est charg\u00e9 de\u00a0:<\/p><ul><li>La d\u00e9livrance de tous les actes d\u2019\u00e9tat civil au profit des ressortissants burkinab\u00e8\u00a0;<\/li><li>Exercer les fonctions d\u2019officier d\u2019\u00e9tat civil d\u00e9l\u00e9gu\u00e9\u00a0;<\/li><li>Assurer le suivi des demandes de passeport burkinab\u00e8\u00a0;<\/li><li>Traiter les dossiers \u00e0 caract\u00e8re social des ressortissants burkinab\u00e8 de la circonscription consulaire dont le Consulat G\u00e9n\u00e9ral est saisi\u00a0;<\/li><li>Apporter assistance et conseil aux ressortissants burkinab\u00e8 en prise avec des difficult\u00e9s particuli\u00e8res dans la circonscription consulaire\u00a0;<\/li><li>Traiter et suivre les dossiers relatifs aux droits de l\u2019enfant, \u00e0 la famille, au genre, aux m\u0153urs et aux probl\u00e8mes d\u2019int\u00e9gration sociale des ressortissants burkinab\u00e8 dans la circonscription consulaire\u00a0;<\/li><li>Faciliter la d\u00e9livrance des visas d\u2019entr\u00e9e au Burkina Faso\u00a0;<\/li><li>Proc\u00e9der \u00e0 l\u2019immatriculation des burkinab\u00e8 vivants dans la circonscription consulaire et de la d\u00e9livrance des cartes d\u2019identit\u00e9 consulaires\u00a0<\/li><li>La d\u00e9livrance des laisser passer\u00a0;<\/li><li>La d\u00e9livrance des attestations d\u2019identit\u00e9 et des copies conformes\u00a0;<\/li><li>Le traitement des demandes de certification mat\u00e9rielle de signatures (procurations, l\u00e9galisations, autorisations parentales \u2026)<\/li><li>Traiter et suivre les dossiers \u00e0 caract\u00e8re culturel et touristique\u00a0;<\/li><li>\u0152uvrer au renforcement de l\u2019esprit de solidarit\u00e9 au sein du Consulat G\u00e9n\u00e9ral\u00a0;<\/li><li>Fournir au Chef du Service Administratif les informations n\u00e9cessaires \u00e0 l\u2019\u00e9laboration des programmes d\u2019activit\u00e9s et \u00e0 la r\u00e9daction des rapports p\u00e9riodiques et annuels du Consulat G\u00e9n\u00e9ral\u00a0;<\/li><li>Ex\u00e9cuter toute autre t\u00e2che administrative confi\u00e9e par le Consul G\u00e9n\u00e9ral.<\/li><\/ul><h5><strong><u>5. La Perception<\/u><\/strong><\/h5><p>La perception\u00a0assure :<\/p><ul><li>Le maniement, la garde et la conservation des fonds et valeurs qui lui sont confi\u00e9s\u00a0;<\/li><li>Le recouvrement des recettes et le paiement des d\u00e9penses d\u00e9finies par les lois et r\u00e8glements\u00a0;<\/li><li>Le traitement des transferts de fonds\u00a0du Consulat G\u00e9n\u00e9ral ;<\/li><li>Le paiement des salaires du personnel du Consulat G\u00e9n\u00e9ral\u00a0;<\/li><li>Le suivi des consommations de cr\u00e9dits du Consulat G\u00e9n\u00e9ral\u00a0;<\/li><li>L\u2019\u00e9laboration de l\u2019avant-projet de budget du Consulat\u00a0G\u00e9n\u00e9ral ;<\/li><li>La r\u00e9alisation d\u2019op\u00e9rations de tr\u00e9sorerie\u00a0;<\/li><li>La tenue de la comptabilit\u00e9 du poste comptable\u00a0;<\/li><li>Le contr\u00f4le et la centralisation des op\u00e9rations comptables sp\u00e9ciaux rattach\u00e9s au Consulat G\u00e9n\u00e9ral\u00a0;<\/li><li>La garde et la conservation des biens mat\u00e9riels, mobiliers et immobiliers et du suivi de leurs mouvements sous la Direction du Consul G\u00e9n\u00e9ral\u00a0;<\/li><li>L\u2019ex\u00e9cution de toute autre t\u00e2che administrative confi\u00e9e par le Consul G\u00e9n\u00e9ral dans le cadre r\u00e9glementaire.<\/li><\/ul>                    <\/div>\n\t\t                    <\/div>\n        <\/div>\n\t\t\t\t<\/div>\n\t\t\t\t<\/div>\n\t\t\t\t\t<\/div>\n\t\t\t\t<\/div>\n\t\t\t\t<\/div>\n\t\t","protected":false},"excerpt":{"rendered":"<p>Consulat G\u00e9n\u00e9ral du Burkina Faso \u00e0 Djeddah au Royaume Arabie Saoudite Le Consulat G\u00e9n\u00e9ral du Burkina Faso \u00e0 Djeddah en Arabie Saoudite a ouvert ses portes en novembre 1996 en remplacement de l\u2019Ambassade du Burkina Faso qui a d\u00e9m\u00e9nag\u00e9 dans la capitale saoudienne (Riyad). Le premier Consul G\u00e9n\u00e9ral fut Monsieur Mansa OUNTANA. Depuis son ouverture, [&hellip;]<\/p>\n","protected":false},"author":4,"featured_media":0,"parent":0,"menu_order":0,"comment_status":"closed","ping_status":"closed","template":"elementor_header_footer","meta":{"_acf_changed":false,"_monsterinsights_skip_tracking":false,"_monsterinsights_sitenote_active":false,"_monsterinsights_sitenote_note":"","_monsterinsights_sitenote_category":0,"footnotes":""},"class_list":["post-3029","page","type-page","status-publish","hentry"],"acf":[],"_links":{"self":[{"href":"https:\/\/djeddah.diplomatie.gov.bf\/index.php\/wp-json\/wp\/v2\/pages\/3029","targetHints":{"allow":["GET"]}}],"collection":[{"href":"https:\/\/djeddah.diplomatie.gov.bf\/index.php\/wp-json\/wp\/v2\/pages"}],"about":[{"href":"https:\/\/djeddah.diplomatie.gov.bf\/index.php\/wp-json\/wp\/v2\/types\/page"}],"author":[{"embeddable":true,"href":"https:\/\/djeddah.diplomatie.gov.bf\/index.php\/wp-json\/wp\/v2\/users\/4"}],"replies":[{"embeddable":true,"href":"https:\/\/djeddah.diplomatie.gov.bf\/index.php\/wp-json\/wp\/v2\/comments?post=3029"}],"version-history":[{"count":61,"href":"https:\/\/djeddah.diplomatie.gov.bf\/index.php\/wp-json\/wp\/v2\/pages\/3029\/revisions"}],"predecessor-version":[{"id":4696,"href":"https:\/\/djeddah.diplomatie.gov.bf\/index.php\/wp-json\/wp\/v2\/pages\/3029\/revisions\/4696"}],"wp:attachment":[{"href":"https:\/\/djeddah.diplomatie.gov.bf\/index.php\/wp-json\/wp\/v2\/media?parent=3029"}],"curies":[{"name":"wp","href":"https:\/\/api.w.org\/{rel}","templated":true}]}}